{"id":409,"date":"2025-04-09T15:01:13","date_gmt":"2025-04-09T13:01:13","guid":{"rendered":"https:\/\/15congres.pspv-psoe.net\/?page_id=409"},"modified":"2025-04-09T15:03:00","modified_gmt":"2025-04-09T13:03:00","slug":"biografia","status":"publish","type":"page","link":"https:\/\/15congres.pspv-psoe.net\/?page_id=409","title":{"rendered":"Biografia"},"content":{"rendered":"\t\t<div data-elementor-type=\"wp-page\" data-elementor-id=\"409\" class=\"elementor elementor-409\">\n\t\t\t\t<div class=\"elementor-element elementor-element-9a4b679 e-flex e-con-boxed e-con e-parent\" data-id=\"9a4b679\" data-element_type=\"container\">\n\t\t\t\t\t<div class=\"e-con-inner\">\n\t\t\t\t<div class=\"elementor-element elementor-element-5703f25 elementor-widget elementor-widget-text-editor\" data-id=\"5703f25\" data-element_type=\"widget\" data-widget_type=\"text-editor.default\">\n\t\t\t\t<div class=\"elementor-widget-container\">\n\t\t\t\t\t\t\t\t\t<p><strong>Ximo Puig<\/strong> (Morella, 1959) \u00e9s periodista de formaci\u00f3 i va iniciar el seu comprom\u00eds pol\u00edtic durant la Transici\u00f3 amb la milit\u00e0ncia en el Partit Socialista del Pa\u00eds Valenci\u00e0 mentre exercia com a periodista en <em>Mediterr\u00e1neo<\/em>, l\u2019<em>Ag\u00e8ncia EFE<\/em>, <em>Radio Popular<\/em> i <em>Antena 3 Radio<\/em>.&nbsp;<\/p><p>En 1983 es va convertir en el diputat m\u00e9s jove de les Corts Valencianes. Des d\u2019aquell moment, va assumir diverses responsabilitats en l\u2019\u00e0mbit auton\u00f2mic com a director general de Relacions Institucionals i Informatives i, tot seguit, com a director del gabinet del president Joan Lerma.<\/p><p>Ha estat alcalde de Morella (1995-2012), diputat al Congr\u00e9s dels Diputats (2011-2015) i senador territorial (2023-2024).<\/p><p>La seua principal responsabilitat pol\u00edtica ha sigut la presid\u00e8ncia de la Generalitat Valenciana entre 2015 i 2023, amb la gesti\u00f3 de la pand\u00e8mia del Covid-19 com a principal desafiament.<\/p><p>En l\u2019actualitat exerceix com a ambaixador d\u2019Espanya davant l\u2019OCDE.<\/p><p>\u00c9s autor dels llibres <em>Una idea d\u2019esperan\u00e7a<\/em> i <em>El problema valenci\u00e0 t\u00e9 soluci\u00f3<\/em> i escriu amb regularitat a la premsa valenciana i espanyola.<\/p>\t\t\t\t\t\t\t\t<\/div>\n\t\t\t\t<\/div>\n\t\t\t\t\t<\/div>\n\t\t\t\t<\/div>\n\t\t\t\t<\/div>\n\t\t","protected":false},"excerpt":{"rendered":"<p>Ximo Puig (Morella, 1959) \u00e9s periodista de formaci\u00f3 i va iniciar el seu comprom\u00eds pol\u00edtic durant la Transici\u00f3 amb la milit\u00e0ncia en el Partit Socialista del Pa\u00eds Valenci\u00e0 mentre exercia com a periodista en Mediterr\u00e1neo, l\u2019Ag\u00e8ncia EFE, Radio Popular i Antena 3 Radio.&nbsp; En 1983 es va convertir en el diputat m\u00e9s jove de les [&hellip;]<\/p>\n","protected":false},"author":1,"featured_media":0,"parent":0,"menu_order":0,"comment_status":"closed","ping_status":"closed","template":"","meta":{"om_disable_all_campaigns":false,"_monsterinsights_skip_tracking":false,"_monsterinsights_sitenote_active":false,"_monsterinsights_sitenote_note":"","_monsterinsights_sitenote_category":0,"ocean_post_layout":"","ocean_both_sidebars_style":"","ocean_both_sidebars_content_width":0,"ocean_both_sidebars_sidebars_width":0,"ocean_sidebar":"","ocean_second_sidebar":"","ocean_disable_margins":"enable","ocean_add_body_class":"","ocean_shortcode_before_top_bar":"","ocean_shortcode_after_top_bar":"","ocean_shortcode_before_header":"","ocean_shortcode_after_header":"","ocean_has_shortcode":"","ocean_shortcode_after_title":"","ocean_shortcode_before_footer_widgets":"","ocean_shortcode_after_footer_widgets":"","ocean_shortcode_before_footer_bottom":"","ocean_shortcode_after_footer_bottom":"","ocean_display_top_bar":"default","ocean_display_header":"default","ocean_header_style":"","ocean_center_header_left_menu":"","ocean_custom_header_template":"","ocean_custom_logo":0,"ocean_custom_retina_logo":0,"ocean_custom_logo_max_width":0,"ocean_custom_logo_tablet_max_width":0,"ocean_custom_logo_mobile_max_width":0,"ocean_custom_logo_max_height":0,"ocean_custom_logo_tablet_max_height":0,"ocean_custom_logo_mobile_max_height":0,"ocean_header_custom_menu":"","ocean_menu_typo_font_family":"","ocean_menu_typo_font_subset":"","ocean_menu_typo_font_size":0,"ocean_menu_typo_font_size_tablet":0,"ocean_menu_typo_font_size_mobile":0,"ocean_menu_typo_font_size_unit":"px","ocean_menu_typo_font_weight":"","ocean_menu_typo_font_weight_tablet":"","ocean_menu_typo_font_weight_mobile":"","ocean_menu_typo_transform":"","ocean_menu_typo_transform_tablet":"","ocean_menu_typo_transform_mobile":"","ocean_menu_typo_line_height":0,"ocean_menu_typo_line_height_tablet":0,"ocean_menu_typo_line_height_mobile":0,"ocean_menu_typo_line_height_unit":"","ocean_menu_typo_spacing":0,"ocean_menu_typo_spacing_tablet":0,"ocean_menu_typo_spacing_mobile":0,"ocean_menu_typo_spacing_unit":"","ocean_menu_link_color":"","ocean_menu_link_color_hover":"","ocean_menu_link_color_active":"","ocean_menu_link_background":"","ocean_menu_link_hover_background":"","ocean_menu_link_active_background":"","ocean_menu_social_links_bg":"","ocean_menu_social_hover_links_bg":"","ocean_menu_social_links_color":"","ocean_menu_social_hover_links_color":"","ocean_disable_title":"default","ocean_disable_heading":"default","ocean_post_title":"","ocean_post_subheading":"","ocean_post_title_style":"","ocean_post_title_background_color":"","ocean_post_title_background":0,"ocean_post_title_bg_image_position":"","ocean_post_title_bg_image_attachment":"","ocean_post_title_bg_image_repeat":"","ocean_post_title_bg_image_size":"","ocean_post_title_height":0,"ocean_post_title_bg_overlay":0.5,"ocean_post_title_bg_overlay_color":"","ocean_disable_breadcrumbs":"default","ocean_breadcrumbs_color":"","ocean_breadcrumbs_separator_color":"","ocean_breadcrumbs_links_color":"","ocean_breadcrumbs_links_hover_color":"","ocean_display_footer_widgets":"default","ocean_display_footer_bottom":"default","ocean_custom_footer_template":"","footnotes":""},"class_list":["post-409","page","type-page","status-publish","hentry","entry"],"jetpack_sharing_enabled":true,"_links":{"self":[{"href":"https:\/\/15congres.pspv-psoe.net\/index.php?rest_route=\/wp\/v2\/pages\/409","targetHints":{"allow":["GET"]}}],"collection":[{"href":"https:\/\/15congres.pspv-psoe.net\/index.php?rest_route=\/wp\/v2\/pages"}],"about":[{"href":"https:\/\/15congres.pspv-psoe.net\/index.php?rest_route=\/wp\/v2\/types\/page"}],"author":[{"embeddable":true,"href":"https:\/\/15congres.pspv-psoe.net\/index.php?rest_route=\/wp\/v2\/users\/1"}],"replies":[{"embeddable":true,"href":"https:\/\/15congres.pspv-psoe.net\/index.php?rest_route=%2Fwp%2Fv2%2Fcomments&post=409"}],"version-history":[{"count":3,"href":"https:\/\/15congres.pspv-psoe.net\/index.php?rest_route=\/wp\/v2\/pages\/409\/revisions"}],"predecessor-version":[{"id":412,"href":"https:\/\/15congres.pspv-psoe.net\/index.php?rest_route=\/wp\/v2\/pages\/409\/revisions\/412"}],"wp:attachment":[{"href":"https:\/\/15congres.pspv-psoe.net\/index.php?rest_route=%2Fwp%2Fv2%2Fmedia&parent=409"}],"curies":[{"name":"wp","href":"https:\/\/api.w.org\/{rel}","templated":true}]}}